{"id":15,"date":"2016-04-17T22:59:49","date_gmt":"2016-04-18T01:59:49","guid":{"rendered":"http:\/\/farelinho.com.br\/?page_id=15"},"modified":"2023-08-24T15:07:24","modified_gmt":"2023-08-24T18:07:24","slug":"sobre-nos","status":"publish","type":"page","link":"https:\/\/farelinho.com.br\/index.php\/sobre-nos\/","title":{"rendered":"Sobre N\u00f3s"},"content":{"rendered":"<p class=\"p1\"><span class=\"s2\">A empresa Farelinho Lord \u00e9 uma empresa nacional que atua h\u00e1 mais de quarenta anos na comercializa\u00e7\u00e3o e distribui\u00e7\u00e3o no segmento de cereais, tendo como principal produto o Farelo de Trigo destinado \u00e0 ra\u00e7\u00e3o animal. <\/span><\/p>\n<p class=\"p2\"><span class=\"s2\">A qualidade do Farelo de trigo \u00e9 garantida pelo processo produtivo dos melhores moinhos que visam oferecer ao cliente final produtos com excel\u00eancia e uma alimenta\u00e7\u00e3o saud\u00e1vel para o animal.<\/span><\/p>\n<p class=\"p2\"><span class=\"s2\">A Farelinho Lord conta como coligada a empresa <\/span><a href=\"https:\/\/farelinho.com.br\/index.php\/nossa-frota\/\"><span class=\"s3\">Translord Transportes<\/span><\/a><span class=\"s2\">, que oferece uma frota de ve\u00edculos voltados ao transporte de cereais, oferecendo solu\u00e7\u00f5es como agilidade e a integridade de um produto de qualidade, transporte exclusivo de Farelo de Trigo, garantindo assim um produto sem contaminantes adversos. <\/span><\/p>\n<p class=\"p4\"><span class=\"s1\"><b>Valores<\/b><\/span><\/p>\n<p class=\"p4\"><span class=\"s2\">Comprometimento com nossos clientes e colaboradores, valorizar o bem estar e contribuir para uma cidadania global. <\/span><\/p>\n<p class=\"p4\"><span class=\"s1\"><b>Miss\u00e3o<\/b><\/span><\/p>\n<p class=\"p4\"><span class=\"s2\">Otimizar cada vez mais processos de comercializa\u00e7\u00e3o e distribui\u00e7\u00e3o de Farelo de Trigo, oferecer aos nossos clientes solu\u00e7\u00f5es pr\u00e1ticas. <\/span><\/p>\n<p class=\"p4\"><span class=\"s1\"><b>Vis\u00e3o <\/b><\/span><\/p>\n<p class=\"p4\"><span class=\"s2\">Nossa empresa est\u00e1 empenhada em contribuir para um estilo de vida animal sustent\u00e1vel. <\/span><\/p>\n<p class=\"p4\"><span class=\"s1\"><b>Sustentabilidade <\/b><\/span><\/p>\n<p class=\"p4\"><span class=\"s2\">A Farelinho Lord preza por colaborar com desenvolvimento sustent\u00e1vel atrav\u00e9s do controle na comercializa\u00e7\u00e3o dos produtos. <\/span><\/p>\n<p class=\"p1\"><span class=\"s1\"><b>Hist\u00f3ria<\/b><\/span><\/p>\n<p class=\"p2\"><span class=\"s2\">Pelas margens o vale do rio Tamanduate\u00ed, acompanhava-se pelos trilhos ferrovi\u00e1rios que deram origem a implanta\u00e7\u00e3o do processo de industrializa\u00e7\u00e3o de Santo Andr\u00e9. As primeiras f\u00e1bricas foram implantadas nos entornos da esta\u00e7\u00e3o.<\/span><\/p>\n<p class=\"p2\"><span class=\"s2\">A partir os anos 20, do s\u00e9culo passado foi formado uns dos bairros mais antigos de Santo Andr\u00e9; Santa Terezinha. Os primeiros moradores do bairro foram estrangeiros, dentre eles h\u00fangaros, eslavos e lituanos.<\/span><\/p>\n<p class=\"p2\"><span class=\"s2\">No decorrer dos anos 80, surge o Grupo Lord, a sociedade tinha como objetivo social o com\u00e9rcio de cereais e ra\u00e7\u00e3o animal e produtos agropecu\u00e1rios.<\/span><\/p>\n<p class=\"p2\"><span class=\"s2\">Na d\u00e9cada de 90, houve um crescimento no segmento do agroneg\u00f3cio e a produ\u00e7\u00e3o da empresa se destacou na comercializa\u00e7\u00e3o do Farelo de Trigo. <\/span><\/p>\n<p class=\"p2\"><span class=\"s2\">Com o passar dos anos a empresa foi investindo em sua pr\u00f3pria frota e expandiu sua log\u00edstica para outros estados.<\/span><\/p>\n<p class=\"p2\"><span class=\"s2\">Hoje, com uma trajet\u00f3ria de empreendedorismo, a Farelinho Lord vem mantendo seus princ\u00edpios de uma empresa familiar que conquistou o mercado de farelo de trigo ao longo dos anos. <\/span><\/p>\n","protected":false},"excerpt":{"rendered":"<p>A empresa Farelinho Lord \u00e9 uma empresa nacional que atua h\u00e1 mais de quarenta anos na comercializa\u00e7\u00e3o e distribui\u00e7\u00e3o no segmento de cereais, tendo como principal produto o Farelo de Trigo destinado \u00e0 ra\u00e7\u00e3o animal. A qualidade do Farelo de trigo \u00e9 garantida pelo processo produtivo dos melhores moinhos que visam oferecer ao cliente final [&hellip;]<\/p>\n","protected":false},"author":1,"featured_media":0,"parent":0,"menu_order":0,"comment_status":"closed","ping_status":"closed","template":"page-full_width.php","meta":{"footnotes":""},"_links":{"self":[{"href":"https:\/\/farelinho.com.br\/index.php\/wp-json\/wp\/v2\/pages\/15"}],"collection":[{"href":"https:\/\/farelinho.com.br\/index.php\/wp-json\/wp\/v2\/pages"}],"about":[{"href":"https:\/\/farelinho.com.br\/index.php\/wp-json\/wp\/v2\/types\/page"}],"author":[{"embeddable":true,"href":"https:\/\/farelinho.com.br\/index.php\/wp-json\/wp\/v2\/users\/1"}],"replies":[{"embeddable":true,"href":"https:\/\/farelinho.com.br\/index.php\/wp-json\/wp\/v2\/comments?post=15"}],"version-history":[{"count":5,"href":"https:\/\/farelinho.com.br\/index.php\/wp-json\/wp\/v2\/pages\/15\/revisions"}],"predecessor-version":[{"id":65,"href":"https:\/\/farelinho.com.br\/index.php\/wp-json\/wp\/v2\/pages\/15\/revisions\/65"}],"wp:attachment":[{"href":"https:\/\/farelinho.com.br\/index.php\/wp-json\/wp\/v2\/media?parent=15"}],"curies":[{"name":"wp","href":"https:\/\/api.w.org\/{rel}","templated":true}]}}