{"id":19,"date":"2016-04-17T23:00:37","date_gmt":"2016-04-18T02:00:37","guid":{"rendered":"http:\/\/farelinho.com.br\/?page_id=19"},"modified":"2023-08-25T14:02:16","modified_gmt":"2023-08-25T17:02:16","slug":"venda-de-farelo","status":"publish","type":"page","link":"https:\/\/farelinho.com.br\/index.php\/venda-de-farelo\/","title":{"rendered":"Venda de Farelo"},"content":{"rendered":"<p class=\"p1\"><span class=\"s1\"><b>Farelo de trigo <\/b><\/span><\/p>\n<p class=\"p2\"><span class=\"s2\">Durante o processamento industrial do trigo, cerca de 70 a 75% da massa de gr\u00e3os \u00e9 convertida em farinha, sendo que os 25 a 30% restantes s\u00e3o considerados sub-produtos, normalmente comercializados como Farelo de Trigo. <\/span><\/p>\n<p class=\"p2\"><span class=\"s2\">O Farelo de trigo \u00e9 composto com teores mais elevados de fibra, prote\u00edna e mineirais do que os gr\u00e3os integrais, sendo considerado uma das ricas fontes da natureza na funcionalidade intestinal e na elimina\u00e7\u00e3o de toxinas do organismo. <\/span><\/p>\n<p class=\"p1\"><span class=\"s1\"><b>Informa\u00e7\u00e3o nutricional (tabela)<\/b><\/span><\/p>\n<p class=\"p1\"><img decoding=\"async\" loading=\"lazy\" class=\"alignnone size-full wp-image-40\" src=\"https:\/\/farelinho.com.br\/wp-content\/uploads\/2016\/04\/niveis-garantia.jpg\" alt=\"niveis-garantia\" width=\"254\" height=\"178\" \/><\/p>\n<p class=\"p1\"><span class=\"s1\"><b>Vendas<\/b><\/span><\/p>\n<p class=\"p2\"><span class=\"s2\">Para efetivar a sua compra, entre em contato por telefone ou e-mail.<\/span><\/p>\n<p class=\"p2\"><span class=\"s2\"><b>Telefone \/ Fax: <\/b>(11) 4997-1988\u00a0<\/span><\/p>\n<p class=\"p2\"><span class=\"s2\"><b>Email: <\/b><a href=\"mailto:vendas@farelinho.com.br\">vendas@farelinho.com.br<\/a><\/span><\/p>\n","protected":false},"excerpt":{"rendered":"<p>Farelo de trigo Durante o processamento industrial do trigo, cerca de 70 a 75% da massa de gr\u00e3os \u00e9 convertida em farinha, sendo que os 25 a 30% restantes s\u00e3o considerados sub-produtos, normalmente comercializados como Farelo de Trigo. O Farelo de trigo \u00e9 composto com teores mais elevados de fibra, prote\u00edna e mineirais do que [&hellip;]<\/p>\n","protected":false},"author":1,"featured_media":0,"parent":0,"menu_order":0,"comment_status":"closed","ping_status":"closed","template":"page-full_width.php","meta":{"footnotes":""},"_links":{"self":[{"href":"https:\/\/farelinho.com.br\/index.php\/wp-json\/wp\/v2\/pages\/19"}],"collection":[{"href":"https:\/\/farelinho.com.br\/index.php\/wp-json\/wp\/v2\/pages"}],"about":[{"href":"https:\/\/farelinho.com.br\/index.php\/wp-json\/wp\/v2\/types\/page"}],"author":[{"embeddable":true,"href":"https:\/\/farelinho.com.br\/index.php\/wp-json\/wp\/v2\/users\/1"}],"replies":[{"embeddable":true,"href":"https:\/\/farelinho.com.br\/index.php\/wp-json\/wp\/v2\/comments?post=19"}],"version-history":[{"count":3,"href":"https:\/\/farelinho.com.br\/index.php\/wp-json\/wp\/v2\/pages\/19\/revisions"}],"predecessor-version":[{"id":70,"href":"https:\/\/farelinho.com.br\/index.php\/wp-json\/wp\/v2\/pages\/19\/revisions\/70"}],"wp:attachment":[{"href":"https:\/\/farelinho.com.br\/index.php\/wp-json\/wp\/v2\/media?parent=19"}],"curies":[{"name":"wp","href":"https:\/\/api.w.org\/{rel}","templated":true}]}}