{"id":48,"date":"2016-04-18T01:39:36","date_gmt":"2016-04-18T04:39:36","guid":{"rendered":"http:\/\/farelinho.com.br\/?page_id=48"},"modified":"2016-04-18T01:49:34","modified_gmt":"2016-04-18T04:49:34","slug":"home","status":"publish","type":"page","link":"https:\/\/farelinho.com.br\/","title":{"rendered":"Home"},"content":{"rendered":"<div class=\"box3\">\n<p><a>Frete<\/a><\/p>\n<p><img decoding=\"async\" title=\"Frete\" src=\"https:\/\/farelinho.com.br\/wp-content\/uploads\/2016\/04\/caminhao_3.jpeg\" alt=\"About us\" \/><br \/>\nAtuamos na regi\u00e3o sudeste e sul do territ\u00f3rio nacional. Consulte nosso servi\u00e7o de frete.<\/p>\n<p><a>Consulte<\/a><\/p>\n<\/div>\n<div class=\"box3\">\n<p>Venda de Farelo<\/p>\n<p>Vestibulum vel dapibus lectus, eu vulputate risus. Sed egestas varius tellus, eget auctor lacus semper nec. Nam mi felis, pellentesque eget tincidunt accumsan.<\/p>\n<\/div>\n","protected":false},"excerpt":{"rendered":"<p>Frete Atuamos na regi\u00e3o sudeste e sul do territ\u00f3rio nacional. Consulte nosso servi\u00e7o de frete. Consulte Venda de Farelo Vestibulum vel dapibus lectus, eu vulputate risus. Sed egestas varius tellus, eget auctor lacus semper nec. Nam mi felis, pellentesque eget tincidunt accumsan.<\/p>\n","protected":false},"author":1,"featured_media":0,"parent":0,"menu_order":0,"comment_status":"closed","ping_status":"closed","template":"","meta":{"footnotes":""},"_links":{"self":[{"href":"https:\/\/farelinho.com.br\/index.php\/wp-json\/wp\/v2\/pages\/48"}],"collection":[{"href":"https:\/\/farelinho.com.br\/index.php\/wp-json\/wp\/v2\/pages"}],"about":[{"href":"https:\/\/farelinho.com.br\/index.php\/wp-json\/wp\/v2\/types\/page"}],"author":[{"embeddable":true,"href":"https:\/\/farelinho.com.br\/index.php\/wp-json\/wp\/v2\/users\/1"}],"replies":[{"embeddable":true,"href":"https:\/\/farelinho.com.br\/index.php\/wp-json\/wp\/v2\/comments?post=48"}],"version-history":[{"count":2,"href":"https:\/\/farelinho.com.br\/index.php\/wp-json\/wp\/v2\/pages\/48\/revisions"}],"predecessor-version":[{"id":50,"href":"https:\/\/farelinho.com.br\/index.php\/wp-json\/wp\/v2\/pages\/48\/revisions\/50"}],"wp:attachment":[{"href":"https:\/\/farelinho.com.br\/index.php\/wp-json\/wp\/v2\/media?parent=48"}],"curies":[{"name":"wp","href":"https:\/\/api.w.org\/{rel}","templated":true}]}}